{"id":652,"date":"2019-12-05T17:22:13","date_gmt":"2019-12-05T17:22:13","guid":{"rendered":"http:\/\/amwlegal.pl\/?page_id=652"},"modified":"2021-01-08T17:59:43","modified_gmt":"2021-01-08T17:59:43","slug":"ip-it-i-ochrona-danych-osobowych","status":"publish","type":"page","link":"http:\/\/amwlegal.pl\/en\/specjalizacje\/ip-it-i-ochrona-danych-osobowych\/","title":{"rendered":"IP, IT and Personal Data Protection"},"content":{"rendered":"<p>AMW ATTORNEYS-AT-LAW provides legal assistance to clients including provision of legal advice as well as drafting and negotiating the following:<\/p>\n\n\n\n<ul><li>contracts governing the status of copyrights, trademarks, patents and industrial designs;<\/li><li>implementation, licence and service agreements for IT systems.<\/li><\/ul>\n\n\n\n<p>\u00a0Our services also include:<\/p>\n\n\n\n<ul><li>consulting in the process of drafting all documentation (including <strong>information security policy<\/strong>, <strong>IT system management instructions<\/strong>, <strong>records of persons authorized to process personal data<\/strong> etc.) and implementation of procedures related to personal data protection in accordance with GDPR;<\/li><li>preparing and providing opinions on contracts for entrusting personal data processing,<\/li><li>conducting audits of data processing compliance with GDPR and other applicable regulations;<\/li><li>drafting data protection breach notifications to the Polish Data Protection Commissioner;<\/li><li>representation during inspection conducted by the Polish Data Protection Commissioner, in proceedings before the Commissioner and before administrative courts.<\/li><\/ul>","protected":false},"excerpt":{"rendered":"<p>AMW ATTORNEYS-AT-LAW \u015bwiadczy pomoc prawn\u0105 na rzecz Klient\u00f3w obejmuj\u0105c\u0105 doradztwo prawne, jak r\u00f3wnie\u017c przygotowywanie i negocjowanie um\u00f3w: reguluj\u0105cych status praw autorskich, znak\u00f3w towarowych, patent\u00f3w i wzor\u00f3w przemys\u0142owych; um\u00f3w wdro\u017ceniowych, licencyjnych i serwisowych w zakresie system\u00f3w IT. \u00a0Us\u0142ugi \u015bwiadczone przez AMW ATTORNEYS-AT-LAW, obejmuj\u0105 r\u00f3wnie\u017c: doradztwo w przygotowywaniu wszelkiej dokumentacji (w tym polityki bezpiecze\u0144stwa informacji, instrukcji zarz\u0105dzania [&hellip;]<\/p>","protected":false},"author":1,"featured_media":0,"parent":567,"menu_order":0,"comment_status":"closed","ping_status":"closed","template":"","meta":[],"_links":{"self":[{"href":"http:\/\/amwlegal.pl\/en\/wp-json\/wp\/v2\/pages\/652"}],"collection":[{"href":"http:\/\/amwlegal.pl\/en\/wp-json\/wp\/v2\/pages"}],"about":[{"href":"http:\/\/amwlegal.pl\/en\/wp-json\/wp\/v2\/types\/page"}],"author":[{"embeddable":true,"href":"http:\/\/amwlegal.pl\/en\/wp-json\/wp\/v2\/users\/1"}],"replies":[{"embeddable":true,"href":"http:\/\/amwlegal.pl\/en\/wp-json\/wp\/v2\/comments?post=652"}],"version-history":[{"count":0,"href":"http:\/\/amwlegal.pl\/en\/wp-json\/wp\/v2\/pages\/652\/revisions"}],"up":[{"embeddable":true,"href":"http:\/\/amwlegal.pl\/en\/wp-json\/wp\/v2\/pages\/567"}],"wp:attachment":[{"href":"http:\/\/amwlegal.pl\/en\/wp-json\/wp\/v2\/media?parent=652"}],"curies":[{"name":"wp","href":"https:\/\/api.w.org\/{rel}","templated":true}]}}