{"id":2908,"date":"2021-01-08T18:01:04","date_gmt":"2021-01-08T18:01:04","guid":{"rendered":"http:\/\/amwlegal.pl\/?page_id=2908"},"modified":"2021-01-08T18:02:52","modified_gmt":"2021-01-08T18:02:52","slug":"reklama-i-marketing","status":"publish","type":"page","link":"http:\/\/amwlegal.pl\/en\/specjalizacje\/reklama-i-marketing\/","title":{"rendered":"Advertising and Marketing"},"content":{"rendered":"<p>AMW ATTORNEYS-AT-LAW also provides legal assistance to clients including legal advice as well as drafting and negotiating the following:<\/p>\n\n\n\n<ul><li>television or film production and distribution contracts;<\/li><li>agency, franchise and outsourcing contracts;<\/li><li>actor contracts;<\/li><li>onset safety during film productions;<\/li><li>marketing (advertising) and sponsorship contracts.<\/li><\/ul>\n\n\n\n<p><\/p>","protected":false},"excerpt":{"rendered":"<p>AMW ATTORNEYS-AT-LAW \u015bwiadczy tak\u017ce pomoc prawn\u0105 na rzecz Klient\u00f3w obejmuj\u0105c\u0105 doradztwo prawne, jak r\u00f3wnie\u017c przygotowywanie i negocjowanie um\u00f3w: produkcji i dystrybucji telewizyjnej lub filmowej; agencyjnych, franczyzowych oraz outsourcingowych; aktorskich; zabezpieczenia przy realizacji produkcji filmowych; marketingowych (reklamowych) i sponsorskich.<\/p>","protected":false},"author":1,"featured_media":0,"parent":567,"menu_order":0,"comment_status":"closed","ping_status":"closed","template":"","meta":[],"_links":{"self":[{"href":"http:\/\/amwlegal.pl\/en\/wp-json\/wp\/v2\/pages\/2908"}],"collection":[{"href":"http:\/\/amwlegal.pl\/en\/wp-json\/wp\/v2\/pages"}],"about":[{"href":"http:\/\/amwlegal.pl\/en\/wp-json\/wp\/v2\/types\/page"}],"author":[{"embeddable":true,"href":"http:\/\/amwlegal.pl\/en\/wp-json\/wp\/v2\/users\/1"}],"replies":[{"embeddable":true,"href":"http:\/\/amwlegal.pl\/en\/wp-json\/wp\/v2\/comments?post=2908"}],"version-history":[{"count":0,"href":"http:\/\/amwlegal.pl\/en\/wp-json\/wp\/v2\/pages\/2908\/revisions"}],"up":[{"embeddable":true,"href":"http:\/\/amwlegal.pl\/en\/wp-json\/wp\/v2\/pages\/567"}],"wp:attachment":[{"href":"http:\/\/amwlegal.pl\/en\/wp-json\/wp\/v2\/media?parent=2908"}],"curies":[{"name":"wp","href":"https:\/\/api.w.org\/{rel}","templated":true}]}}