{"id":2897,"date":"2021-01-08T17:40:16","date_gmt":"2021-01-08T17:40:16","guid":{"rendered":"http:\/\/amwlegal.pl\/?page_id=2897"},"modified":"2021-01-08T17:53:06","modified_gmt":"2021-01-08T17:53:06","slug":"bankowosc-i-finanse","status":"publish","type":"page","link":"http:\/\/amwlegal.pl\/en\/specjalizacje\/bankowosc-i-finanse\/","title":{"rendered":"Banking and Finance"},"content":{"rendered":"<p>In broadly defined banking and finance, the services provided by AMW ATTORNEYS-AT-LAW lawyers include but are not limited to the following:<\/p>\n\n\n\n<ul><li>providing advice in connection with regulatory issues in banking and capital markets, e.g. related to conducting banking activities in Poland by entities from and outside the EU;<\/li><li>producing and negotiating financing documents, including loan agreements (also syndicated) and borrowing agreements, agreements between creditors, subordination agreements as well as collateral and other financing documents;<\/li><li>preparing terms and conditions and regulations for loans or other legal forms of securing bank receivables;<\/li><li>drafting legal briefs within the scope of banking and civil law, including bank secrecy, outsourcing and personal data protection;<\/li><li>performing due diligence of potential borrowers;<\/li><li>performing legal analyses of loan documentation and established collaterals as well as outsourcing agreements;<\/li><li>providing legal advice in connection with acquisition and disposal of pools of receivables and collection of receivables from banking activities.<\/li><\/ul>","protected":false},"excerpt":{"rendered":"<p>W zakresie szeroko rozumianej bankowo\u015bci i finans\u00f3w, us\u0142ugi realizowane przez prawnik\u00f3w AMW ATTORNEYS-AT-LAW obejmuj\u0105 m.in.: doradztwo w zwi\u0105zku z zagadnieniami regulacyjnymi w zakresie bankowo\u015bci i rynk\u00f3w kapita\u0142owych, w tym w zakresie prowadzenia dzia\u0142alno\u015bci bankowej na terenie kraju przez podmioty z i spoza UE; przygotowywanie i negocjowanie dokument\u00f3w finansowania, w tym um\u00f3w kredytowych (tak\u017ce konsorcjalnych) i [&hellip;]<\/p>","protected":false},"author":1,"featured_media":0,"parent":567,"menu_order":0,"comment_status":"closed","ping_status":"closed","template":"","meta":[],"_links":{"self":[{"href":"http:\/\/amwlegal.pl\/en\/wp-json\/wp\/v2\/pages\/2897"}],"collection":[{"href":"http:\/\/amwlegal.pl\/en\/wp-json\/wp\/v2\/pages"}],"about":[{"href":"http:\/\/amwlegal.pl\/en\/wp-json\/wp\/v2\/types\/page"}],"author":[{"embeddable":true,"href":"http:\/\/amwlegal.pl\/en\/wp-json\/wp\/v2\/users\/1"}],"replies":[{"embeddable":true,"href":"http:\/\/amwlegal.pl\/en\/wp-json\/wp\/v2\/comments?post=2897"}],"version-history":[{"count":0,"href":"http:\/\/amwlegal.pl\/en\/wp-json\/wp\/v2\/pages\/2897\/revisions"}],"up":[{"embeddable":true,"href":"http:\/\/amwlegal.pl\/en\/wp-json\/wp\/v2\/pages\/567"}],"wp:attachment":[{"href":"http:\/\/amwlegal.pl\/en\/wp-json\/wp\/v2\/media?parent=2897"}],"curies":[{"name":"wp","href":"https:\/\/api.w.org\/{rel}","templated":true}]}}